{"id":16,"date":"2024-04-07T13:34:44","date_gmt":"2024-04-07T11:34:44","guid":{"rendered":"https:\/\/aventuresportfishing.fr\/?page_id=16"},"modified":"2024-04-21T20:26:00","modified_gmt":"2024-04-21T18:26:00","slug":"contact","status":"publish","type":"page","link":"https:\/\/aventuresportfishing.fr\/index.php\/contact\/","title":{"rendered":"CONTACT"},"content":{"rendered":"\t\t<div data-elementor-type=\"wp-page\" data-elementor-id=\"16\" class=\"elementor elementor-16\">\n\t\t\t\t<div class=\"elementor-element elementor-element-b794bcb e-flex e-con-boxed e-con e-parent\" data-id=\"b794bcb\" data-element_type=\"container\">\n\t\t\t\t\t<div class=\"e-con-inner\">\n\t\t<div class=\"elementor-element elementor-element-269edbc e-con-full e-flex e-con e-child\" data-id=\"269edbc\" data-element_type=\"container\">\n\t\t\t\t<div class=\"elementor-element elementor-element-3da0254 elementor-widget elementor-widget-text-editor\" data-id=\"3da0254\" data-element_type=\"widget\" data-widget_type=\"text-editor.default\">\n\t\t\t\t<div class=\"elementor-widget-container\">\n\t\t\t<style>\/*! elementor - v3.21.0 - 18-04-2024 *\/\n.elementor-widget-text-editor.elementor-drop-cap-view-stacked .elementor-drop-cap{background-color:#69727d;color:#fff}.elementor-widget-text-editor.elementor-drop-cap-view-framed .elementor-drop-cap{color:#69727d;border:3px solid;background-color:transparent}.elementor-widget-text-editor:not(.elementor-drop-cap-view-default) .elementor-drop-cap{margin-top:8px}.elementor-widget-text-editor:not(.elementor-drop-cap-view-default) .elementor-drop-cap-letter{width:1em;height:1em}.elementor-widget-text-editor .elementor-drop-cap{float:left;text-align:center;line-height:1;font-size:50px}.elementor-widget-text-editor .elementor-drop-cap-letter{display:inline-block}<\/style>\t\t\t\t<p><strong>N&rsquo;h\u00e9sitez pas a me contacter par t\u00e9l\u00e9phone pour toute demande d&rsquo;information compl\u00e9mentaire, pour un devis, ainsi que pour r\u00e9aliser une r\u00e9servation :<\/strong><\/p>\t\t\t\t\t\t<\/div>\n\t\t\t\t<\/div>\n\t\t\t\t<div class=\"elementor-element elementor-element-2e519f7 elementor-widget elementor-widget-heading\" data-id=\"2e519f7\" data-element_type=\"widget\" data-widget_type=\"heading.default\">\n\t\t\t\t<div class=\"elementor-widget-container\">\n\t\t\t<style>\/*! elementor - v3.21.0 - 18-04-2024 *\/\n.elementor-heading-title{padding:0;margin:0;line-height:1}.elementor-widget-heading .elementor-heading-title[class*=elementor-size-]>a{color:inherit;font-size:inherit;line-height:inherit}.elementor-widget-heading .elementor-heading-title.elementor-size-small{font-size:15px}.elementor-widget-heading .elementor-heading-title.elementor-size-medium{font-size:19px}.elementor-widget-heading .elementor-heading-title.elementor-size-large{font-size:29px}.elementor-widget-heading .elementor-heading-title.elementor-size-xl{font-size:39px}.elementor-widget-heading .elementor-heading-title.elementor-size-xxl{font-size:59px}<\/style><h2 class=\"elementor-heading-title elementor-size-default\">06 09 89 22 60<\/h2>\t\t<\/div>\n\t\t\t\t<\/div>\n\t\t\t\t<div class=\"elementor-element elementor-element-5fb0a13 elementor-widget elementor-widget-text-editor\" data-id=\"5fb0a13\" data-element_type=\"widget\" data-widget_type=\"text-editor.default\">\n\t\t\t\t<div class=\"elementor-widget-container\">\n\t\t\t\t\t\t\t<p><strong>Au plaisir de vous retrouver en mer !<\/strong><\/p>\t\t\t\t\t\t<\/div>\n\t\t\t\t<\/div>\n\t\t\t\t<\/div>\n\t\t<div class=\"elementor-element elementor-element-a3cce46 e-con-full e-flex e-con e-child\" data-id=\"a3cce46\" data-element_type=\"container\">\n\t\t\t\t<div class=\"elementor-element elementor-element-a96af4d elementor-widget elementor-widget-heading\" data-id=\"a96af4d\" data-element_type=\"widget\" data-widget_type=\"heading.default\">\n\t\t\t\t<div class=\"elementor-widget-container\">\n\t\t\t<h2 class=\"elementor-heading-title elementor-size-default\">Lieu du rendez-vous, derri\u00e8re le Gruissan Thon Club :<\/h2>\t\t<\/div>\n\t\t\t\t<\/div>\n\t\t\t\t<div class=\"elementor-element elementor-element-a1717b5 elementor-widget elementor-widget-google_maps\" data-id=\"a1717b5\" data-element_type=\"widget\" data-widget_type=\"google_maps.default\">\n\t\t\t\t<div class=\"elementor-widget-container\">\n\t\t\t<style>\/*! elementor - v3.21.0 - 18-04-2024 *\/\n.elementor-widget-google_maps .elementor-widget-container{overflow:hidden}.elementor-widget-google_maps .elementor-custom-embed{line-height:0}.elementor-widget-google_maps iframe{height:300px}<\/style>\t\t<div class=\"elementor-custom-embed\">\n\t\t\t<iframe loading=\"lazy\"\n\t\t\t\t\tsrc=\"https:\/\/maps.google.com\/maps?q=AVENTURE%20SPORT%20FISHING&#038;t=m&#038;z=16&#038;output=embed&#038;iwloc=near\"\n\t\t\t\t\ttitle=\"AVENTURE SPORT FISHING\"\n\t\t\t\t\taria-label=\"AVENTURE SPORT FISHING\"\n\t\t\t><\/iframe>\n\t\t<\/div>\n\t\t\t\t<\/div>\n\t\t\t\t<\/div>\n\t\t\t\t<\/div>\n\t\t\t\t\t<\/div>\n\t\t\t\t<\/div>\n\t\t<div class=\"elementor-element elementor-element-de0295a e-flex e-con-boxed e-con e-parent\" data-id=\"de0295a\" data-element_type=\"container\">\n\t\t\t\t\t<div class=\"e-con-inner\">\n\t\t\t\t<div class=\"elementor-element elementor-element-6223263 elementor-widget elementor-widget-spacer\" data-id=\"6223263\" data-element_type=\"widget\" data-widget_type=\"spacer.default\">\n\t\t\t\t<div class=\"elementor-widget-container\">\n\t\t\t<style>\/*! elementor - v3.21.0 - 18-04-2024 *\/\n.elementor-column .elementor-spacer-inner{height:var(--spacer-size)}.e-con{--container-widget-width:100%}.e-con-inner>.elementor-widget-spacer,.e-con>.elementor-widget-spacer{width:var(--container-widget-width,var(--spacer-size));--align-self:var(--container-widget-align-self,initial);--flex-shrink:0}.e-con-inner>.elementor-widget-spacer>.elementor-widget-container,.e-con>.elementor-widget-spacer>.elementor-widget-container{height:100%;width:100%}.e-con-inner>.elementor-widget-spacer>.elementor-widget-container>.elementor-spacer,.e-con>.elementor-widget-spacer>.elementor-widget-container>.elementor-spacer{height:100%}.e-con-inner>.elementor-widget-spacer>.elementor-widget-container>.elementor-spacer>.elementor-spacer-inner,.e-con>.elementor-widget-spacer>.elementor-widget-container>.elementor-spacer>.elementor-spacer-inner{height:var(--container-widget-height,var(--spacer-size))}.e-con-inner>.elementor-widget-spacer.elementor-widget-empty,.e-con>.elementor-widget-spacer.elementor-widget-empty{position:relative;min-height:22px;min-width:22px}.e-con-inner>.elementor-widget-spacer.elementor-widget-empty .elementor-widget-empty-icon,.e-con>.elementor-widget-spacer.elementor-widget-empty .elementor-widget-empty-icon{position:absolute;top:0;bottom:0;left:0;right:0;margin:auto;padding:0;width:22px;height:22px}<\/style>\t\t<div class=\"elementor-spacer\">\n\t\t\t<div class=\"elementor-spacer-inner\"><\/div>\n\t\t<\/div>\n\t\t\t\t<\/div>\n\t\t\t\t<\/div>\n\t\t\t\t\t<\/div>\n\t\t\t\t<\/div>\n\t\t\t\t<\/div>\n\t\t","protected":false},"excerpt":{"rendered":"<p>N&rsquo;h\u00e9sitez pas a me contacter par t\u00e9l\u00e9phone pour toute demande d&rsquo;information compl\u00e9mentaire, pour un devis, ainsi que pour r\u00e9aliser une r\u00e9servation : 06 09 89 22 60 Au plaisir de vous retrouver en mer ! Lieu du rendez-vous, derri\u00e8re le Gruissan Thon Club :<\/p>\n","protected":false},"author":1,"featured_media":0,"parent":0,"menu_order":0,"comment_status":"closed","ping_status":"closed","template":"","meta":{"footnotes":""},"class_list":["post-16","page","type-page","status-publish","hentry","entry"],"yoast_head":"<!-- This site is optimized with the Yoast SEO plugin v22.5 - https:\/\/yoast.com\/wordpress\/plugins\/seo\/ -->\n<title>CONTACT - AVENTURE SPORT FISHING<\/title>\n<meta name=\"robots\" content=\"index, follow, max-snippet:-1, max-image-preview:large, max-video-preview:-1\" \/>\n<link rel=\"canonical\" href=\"https:\/\/aventuresportfishing.fr\/index.php\/contact\/\" \/>\n<meta property=\"og:locale\" content=\"fr_FR\" \/>\n<meta property=\"og:type\" content=\"article\" \/>\n<meta property=\"og:title\" content=\"CONTACT - AVENTURE SPORT FISHING\" \/>\n<meta property=\"og:description\" content=\"N&rsquo;h\u00e9sitez pas a me contacter par t\u00e9l\u00e9phone pour toute demande d&rsquo;information compl\u00e9mentaire, pour un devis, ainsi que pour r\u00e9aliser une r\u00e9servation : 06 09 89 22 60 Au plaisir de vous retrouver en mer ! Lieu du rendez-vous, derri\u00e8re le Gruissan Thon Club :\" \/>\n<meta property=\"og:url\" content=\"https:\/\/aventuresportfishing.fr\/index.php\/contact\/\" \/>\n<meta property=\"og:site_name\" content=\"AVENTURE SPORT FISHING\" \/>\n<meta property=\"article:modified_time\" content=\"2024-04-21T18:26:00+00:00\" \/>\n<meta name=\"twitter:card\" content=\"summary_large_image\" \/>\n<meta name=\"twitter:label1\" content=\"Dur\u00e9e de lecture estim\u00e9e\" \/>\n\t<meta name=\"twitter:data1\" content=\"1 minute\" \/>\n<script type=\"application\/ld+json\" class=\"yoast-schema-graph\">{\"@context\":\"https:\/\/schema.org\",\"@graph\":[{\"@type\":\"WebPage\",\"@id\":\"https:\/\/aventuresportfishing.fr\/index.php\/contact\/\",\"url\":\"https:\/\/aventuresportfishing.fr\/index.php\/contact\/\",\"name\":\"CONTACT - AVENTURE SPORT FISHING\",\"isPartOf\":{\"@id\":\"https:\/\/aventuresportfishing.fr\/#website\"},\"datePublished\":\"2024-04-07T11:34:44+00:00\",\"dateModified\":\"2024-04-21T18:26:00+00:00\",\"breadcrumb\":{\"@id\":\"https:\/\/aventuresportfishing.fr\/index.php\/contact\/#breadcrumb\"},\"inLanguage\":\"fr-FR\",\"potentialAction\":[{\"@type\":\"ReadAction\",\"target\":[\"https:\/\/aventuresportfishing.fr\/index.php\/contact\/\"]}]},{\"@type\":\"BreadcrumbList\",\"@id\":\"https:\/\/aventuresportfishing.fr\/index.php\/contact\/#breadcrumb\",\"itemListElement\":[{\"@type\":\"ListItem\",\"position\":1,\"name\":\"Accueil\",\"item\":\"https:\/\/aventuresportfishing.fr\/\"},{\"@type\":\"ListItem\",\"position\":2,\"name\":\"CONTACT\"}]},{\"@type\":\"WebSite\",\"@id\":\"https:\/\/aventuresportfishing.fr\/#website\",\"url\":\"https:\/\/aventuresportfishing.fr\/\",\"name\":\"Aventure Sport Fishing\",\"description\":\"P\u00eache au gros.\",\"publisher\":{\"@id\":\"https:\/\/aventuresportfishing.fr\/#organization\"},\"potentialAction\":[{\"@type\":\"SearchAction\",\"target\":{\"@type\":\"EntryPoint\",\"urlTemplate\":\"https:\/\/aventuresportfishing.fr\/?s={search_term_string}\"},\"query-input\":\"required name=search_term_string\"}],\"inLanguage\":\"fr-FR\"},{\"@type\":\"Organization\",\"@id\":\"https:\/\/aventuresportfishing.fr\/#organization\",\"name\":\"Aventure Sport Fishing\",\"url\":\"https:\/\/aventuresportfishing.fr\/\",\"logo\":{\"@type\":\"ImageObject\",\"inLanguage\":\"fr-FR\",\"@id\":\"https:\/\/aventuresportfishing.fr\/#\/schema\/logo\/image\/\",\"url\":\"https:\/\/aventuresportfishing.fr\/wp-content\/uploads\/2024\/04\/IMG_1048.png\",\"contentUrl\":\"https:\/\/aventuresportfishing.fr\/wp-content\/uploads\/2024\/04\/IMG_1048.png\",\"width\":374,\"height\":364,\"caption\":\"Aventure Sport Fishing\"},\"image\":{\"@id\":\"https:\/\/aventuresportfishing.fr\/#\/schema\/logo\/image\/\"}}]}<\/script>\n<!-- \/ Yoast SEO plugin. -->","yoast_head_json":{"title":"CONTACT - AVENTURE SPORT FISHING","robots":{"index":"index","follow":"follow","max-snippet":"max-snippet:-1","max-image-preview":"max-image-preview:large","max-video-preview":"max-video-preview:-1"},"canonical":"https:\/\/aventuresportfishing.fr\/index.php\/contact\/","og_locale":"fr_FR","og_type":"article","og_title":"CONTACT - AVENTURE SPORT FISHING","og_description":"N&rsquo;h\u00e9sitez pas a me contacter par t\u00e9l\u00e9phone pour toute demande d&rsquo;information compl\u00e9mentaire, pour un devis, ainsi que pour r\u00e9aliser une r\u00e9servation : 06 09 89 22 60 Au plaisir de vous retrouver en mer ! Lieu du rendez-vous, derri\u00e8re le Gruissan Thon Club :","og_url":"https:\/\/aventuresportfishing.fr\/index.php\/contact\/","og_site_name":"AVENTURE SPORT FISHING","article_modified_time":"2024-04-21T18:26:00+00:00","twitter_card":"summary_large_image","twitter_misc":{"Dur\u00e9e de lecture estim\u00e9e":"1 minute"},"schema":{"@context":"https:\/\/schema.org","@graph":[{"@type":"WebPage","@id":"https:\/\/aventuresportfishing.fr\/index.php\/contact\/","url":"https:\/\/aventuresportfishing.fr\/index.php\/contact\/","name":"CONTACT - AVENTURE SPORT FISHING","isPartOf":{"@id":"https:\/\/aventuresportfishing.fr\/#website"},"datePublished":"2024-04-07T11:34:44+00:00","dateModified":"2024-04-21T18:26:00+00:00","breadcrumb":{"@id":"https:\/\/aventuresportfishing.fr\/index.php\/contact\/#breadcrumb"},"inLanguage":"fr-FR","potentialAction":[{"@type":"ReadAction","target":["https:\/\/aventuresportfishing.fr\/index.php\/contact\/"]}]},{"@type":"BreadcrumbList","@id":"https:\/\/aventuresportfishing.fr\/index.php\/contact\/#breadcrumb","itemListElement":[{"@type":"ListItem","position":1,"name":"Accueil","item":"https:\/\/aventuresportfishing.fr\/"},{"@type":"ListItem","position":2,"name":"CONTACT"}]},{"@type":"WebSite","@id":"https:\/\/aventuresportfishing.fr\/#website","url":"https:\/\/aventuresportfishing.fr\/","name":"Aventure Sport Fishing","description":"P\u00eache au gros.","publisher":{"@id":"https:\/\/aventuresportfishing.fr\/#organization"},"potentialAction":[{"@type":"SearchAction","target":{"@type":"EntryPoint","urlTemplate":"https:\/\/aventuresportfishing.fr\/?s={search_term_string}"},"query-input":"required name=search_term_string"}],"inLanguage":"fr-FR"},{"@type":"Organization","@id":"https:\/\/aventuresportfishing.fr\/#organization","name":"Aventure Sport Fishing","url":"https:\/\/aventuresportfishing.fr\/","logo":{"@type":"ImageObject","inLanguage":"fr-FR","@id":"https:\/\/aventuresportfishing.fr\/#\/schema\/logo\/image\/","url":"https:\/\/aventuresportfishing.fr\/wp-content\/uploads\/2024\/04\/IMG_1048.png","contentUrl":"https:\/\/aventuresportfishing.fr\/wp-content\/uploads\/2024\/04\/IMG_1048.png","width":374,"height":364,"caption":"Aventure Sport Fishing"},"image":{"@id":"https:\/\/aventuresportfishing.fr\/#\/schema\/logo\/image\/"}}]}},"_links":{"self":[{"href":"https:\/\/aventuresportfishing.fr\/index.php\/wp-json\/wp\/v2\/pages\/16","targetHints":{"allow":["GET"]}}],"collection":[{"href":"https:\/\/aventuresportfishing.fr\/index.php\/wp-json\/wp\/v2\/pages"}],"about":[{"href":"https:\/\/aventuresportfishing.fr\/index.php\/wp-json\/wp\/v2\/types\/page"}],"author":[{"embeddable":true,"href":"https:\/\/aventuresportfishing.fr\/index.php\/wp-json\/wp\/v2\/users\/1"}],"replies":[{"embeddable":true,"href":"https:\/\/aventuresportfishing.fr\/index.php\/wp-json\/wp\/v2\/comments?post=16"}],"version-history":[{"count":7,"href":"https:\/\/aventuresportfishing.fr\/index.php\/wp-json\/wp\/v2\/pages\/16\/revisions"}],"predecessor-version":[{"id":195,"href":"https:\/\/aventuresportfishing.fr\/index.php\/wp-json\/wp\/v2\/pages\/16\/revisions\/195"}],"wp:attachment":[{"href":"https:\/\/aventuresportfishing.fr\/index.php\/wp-json\/wp\/v2\/media?parent=16"}],"curies":[{"name":"wp","href":"https:\/\/api.w.org\/{rel}","templated":true}]}}